{"id":159,"date":"2017-03-02T13:37:00","date_gmt":"2017-03-02T13:37:00","guid":{"rendered":"http:\/\/talsu-auto.lv\/?page_id=159"},"modified":"2018-01-30T16:11:51","modified_gmt":"2018-01-30T13:11:51","slug":"about","status":"publish","type":"page","link":"http:\/\/talsu-auto.lv\/","title":{"rendered":"Par Talsu Auto"},"content":{"rendered":"<p><meta name=\"google-site-verification\" content=\"tbrxtQnViXqo39Z75W8SKYT5_iM3tPaUYX2tqu9xpuI\" \/><br \/>\nM\u0113s esam jauns uz\u0146\u0113mums, kuru ir izveidoju\u0161i pieredzes bag\u0101ti nozares speci\u0101listi. Speci\u0101listi, kuri ir ar savu v\u012bziju par sav\u0101d\u0101ka veida biznesu un inovat\u012bv\u0101ku pieeju darbam.<\/p>\n<p>M\u016bsu rekviz\u012bti:<\/p>\n<p>SIA\u00a0&#8220;Talsu Auto&#8221;<br \/>\nRe\u0123. nr.:\u00a041203060446<br \/>\nJuridisk\u0101 adrese: Talsi, Ozolu iela 6, LV-3201<br \/>\nTel.nr.: <a href=\"tel:\/\/+371 28604303\">+371 28604303<\/a><\/p>\n","protected":false},"excerpt":{"rendered":"<p>M\u0113s esam jauns uz\u0146\u0113mums, kuru ir izveidoju\u0161i pieredzes bag\u0101ti nozares speci\u0101listi. Speci\u0101listi, kuri ir ar savu v\u012bziju par sav\u0101d\u0101ka veida biznesu un inovat\u012bv\u0101ku pieeju darbam. M\u016bsu rekviz\u012bti: SIA\u00a0&#8220;Talsu Auto&#8221; Re\u0123. nr.:\u00a041203060446 Juridisk\u0101 adrese: Talsi, Ozolu iela 6, LV-3201 Tel.nr.: +371 [&hellip;]<\/p>\n","protected":false},"author":1,"featured_media":0,"parent":0,"menu_order":0,"comment_status":"closed","ping_status":"closed","template":"","meta":{"_exactmetrics_skip_tracking":false,"_exactmetrics_sitenote_active":false,"_exactmetrics_sitenote_note":"","_exactmetrics_sitenote_category":0,"jetpack_post_was_ever_published":false,"footnotes":""},"class_list":["post-159","page","type-page","status-publish","hentry","clearfix"],"yoast_head":"<!-- This site is optimized with the Yoast SEO plugin v27.4 - https:\/\/yoast.com\/product\/yoast-seo-wordpress\/ -->\n<title>Par Talsu Auto - Talsu Auto<\/title>\n<meta name=\"robots\" content=\"index, follow, max-snippet:-1, max-image-preview:large, max-video-preview:-1\" \/>\n<link rel=\"canonical\" href=\"http:\/\/talsu-auto.lv\/\" \/>\n<meta property=\"og:locale\" content=\"en_US\" \/>\n<meta property=\"og:type\" content=\"article\" \/>\n<meta property=\"og:title\" content=\"Par Talsu Auto - Talsu Auto\" \/>\n<meta property=\"og:description\" content=\"M\u0113s esam jauns uz\u0146\u0113mums, kuru ir izveidoju\u0161i pieredzes bag\u0101ti nozares speci\u0101listi. Speci\u0101listi, kuri ir ar savu v\u012bziju par sav\u0101d\u0101ka veida biznesu un inovat\u012bv\u0101ku pieeju darbam. M\u016bsu rekviz\u012bti: SIA\u00a0&#8220;Talsu Auto&#8221; Re\u0123. nr.:\u00a041203060446 Juridisk\u0101 adrese: Talsi, Ozolu iela 6, LV-3201 Tel.nr.: +371 [&hellip;]\" \/>\n<meta property=\"og:url\" content=\"http:\/\/talsu-auto.lv\/\" \/>\n<meta property=\"og:site_name\" content=\"Talsu Auto\" \/>\n<meta property=\"article:publisher\" content=\"https:\/\/www.facebook.com\/talsuauto\" \/>\n<meta property=\"article:modified_time\" content=\"2018-01-30T13:11:51+00:00\" \/>\n<meta name=\"twitter:card\" content=\"summary_large_image\" \/>\n<script type=\"application\/ld+json\" class=\"yoast-schema-graph\">{\"@context\":\"https:\\\/\\\/schema.org\",\"@graph\":[{\"@type\":\"WebPage\",\"@id\":\"http:\\\/\\\/talsu-auto.lv\\\/\",\"url\":\"http:\\\/\\\/talsu-auto.lv\\\/\",\"name\":\"Par Talsu Auto - Talsu Auto\",\"isPartOf\":{\"@id\":\"https:\\\/\\\/talsu-auto.lv\\\/#website\"},\"datePublished\":\"2017-03-02T13:37:00+00:00\",\"dateModified\":\"2018-01-30T13:11:51+00:00\",\"breadcrumb\":{\"@id\":\"http:\\\/\\\/talsu-auto.lv\\\/#breadcrumb\"},\"inLanguage\":\"en-US\",\"potentialAction\":[{\"@type\":\"ReadAction\",\"target\":[\"http:\\\/\\\/talsu-auto.lv\\\/\"]}]},{\"@type\":\"BreadcrumbList\",\"@id\":\"http:\\\/\\\/talsu-auto.lv\\\/#breadcrumb\",\"itemListElement\":[{\"@type\":\"ListItem\",\"position\":1,\"name\":\"Home\",\"item\":\"http:\\\/\\\/talsu-auto.lv\\\/\"},{\"@type\":\"ListItem\",\"position\":2,\"name\":\"Par Talsu Auto\"}]},{\"@type\":\"WebSite\",\"@id\":\"https:\\\/\\\/talsu-auto.lv\\\/#website\",\"url\":\"https:\\\/\\\/talsu-auto.lv\\\/\",\"name\":\"Talsu Auto\",\"description\":\"Tavs jaunais autoserviss Talsos\",\"publisher\":{\"@id\":\"https:\\\/\\\/talsu-auto.lv\\\/#organization\"},\"potentialAction\":[{\"@type\":\"SearchAction\",\"target\":{\"@type\":\"EntryPoint\",\"urlTemplate\":\"https:\\\/\\\/talsu-auto.lv\\\/?s={search_term_string}\"},\"query-input\":{\"@type\":\"PropertyValueSpecification\",\"valueRequired\":true,\"valueName\":\"search_term_string\"}}],\"inLanguage\":\"en-US\"},{\"@type\":\"Organization\",\"@id\":\"https:\\\/\\\/talsu-auto.lv\\\/#organization\",\"name\":\"Talsu Auto\",\"url\":\"https:\\\/\\\/talsu-auto.lv\\\/\",\"logo\":{\"@type\":\"ImageObject\",\"inLanguage\":\"en-US\",\"@id\":\"https:\\\/\\\/talsu-auto.lv\\\/#\\\/schema\\\/logo\\\/image\\\/\",\"url\":\"https:\\\/\\\/i0.wp.com\\\/talsu-auto.lv\\\/wp-content\\\/uploads\\\/2017\\\/05\\\/original-9319-59098dd40ae7b.jpg?fit=1548%2C813\",\"contentUrl\":\"https:\\\/\\\/i0.wp.com\\\/talsu-auto.lv\\\/wp-content\\\/uploads\\\/2017\\\/05\\\/original-9319-59098dd40ae7b.jpg?fit=1548%2C813\",\"width\":1548,\"height\":813,\"caption\":\"Talsu Auto\"},\"image\":{\"@id\":\"https:\\\/\\\/talsu-auto.lv\\\/#\\\/schema\\\/logo\\\/image\\\/\"},\"sameAs\":[\"https:\\\/\\\/www.facebook.com\\\/talsuauto\"]}]}<\/script>\n<!-- \/ Yoast SEO plugin. -->","yoast_head_json":{"title":"Par Talsu Auto - Talsu Auto","robots":{"index":"index","follow":"follow","max-snippet":"max-snippet:-1","max-image-preview":"max-image-preview:large","max-video-preview":"max-video-preview:-1"},"canonical":"http:\/\/talsu-auto.lv\/","og_locale":"en_US","og_type":"article","og_title":"Par Talsu Auto - Talsu Auto","og_description":"M\u0113s esam jauns uz\u0146\u0113mums, kuru ir izveidoju\u0161i pieredzes bag\u0101ti nozares speci\u0101listi. Speci\u0101listi, kuri ir ar savu v\u012bziju par sav\u0101d\u0101ka veida biznesu un inovat\u012bv\u0101ku pieeju darbam. M\u016bsu rekviz\u012bti: SIA\u00a0&#8220;Talsu Auto&#8221; Re\u0123. nr.:\u00a041203060446 Juridisk\u0101 adrese: Talsi, Ozolu iela 6, LV-3201 Tel.nr.: +371 [&hellip;]","og_url":"http:\/\/talsu-auto.lv\/","og_site_name":"Talsu Auto","article_publisher":"https:\/\/www.facebook.com\/talsuauto","article_modified_time":"2018-01-30T13:11:51+00:00","twitter_card":"summary_large_image","schema":{"@context":"https:\/\/schema.org","@graph":[{"@type":"WebPage","@id":"http:\/\/talsu-auto.lv\/","url":"http:\/\/talsu-auto.lv\/","name":"Par Talsu Auto - Talsu Auto","isPartOf":{"@id":"https:\/\/talsu-auto.lv\/#website"},"datePublished":"2017-03-02T13:37:00+00:00","dateModified":"2018-01-30T13:11:51+00:00","breadcrumb":{"@id":"http:\/\/talsu-auto.lv\/#breadcrumb"},"inLanguage":"en-US","potentialAction":[{"@type":"ReadAction","target":["http:\/\/talsu-auto.lv\/"]}]},{"@type":"BreadcrumbList","@id":"http:\/\/talsu-auto.lv\/#breadcrumb","itemListElement":[{"@type":"ListItem","position":1,"name":"Home","item":"http:\/\/talsu-auto.lv\/"},{"@type":"ListItem","position":2,"name":"Par Talsu Auto"}]},{"@type":"WebSite","@id":"https:\/\/talsu-auto.lv\/#website","url":"https:\/\/talsu-auto.lv\/","name":"Talsu Auto","description":"Tavs jaunais autoserviss Talsos","publisher":{"@id":"https:\/\/talsu-auto.lv\/#organization"},"potentialAction":[{"@type":"SearchAction","target":{"@type":"EntryPoint","urlTemplate":"https:\/\/talsu-auto.lv\/?s={search_term_string}"},"query-input":{"@type":"PropertyValueSpecification","valueRequired":true,"valueName":"search_term_string"}}],"inLanguage":"en-US"},{"@type":"Organization","@id":"https:\/\/talsu-auto.lv\/#organization","name":"Talsu Auto","url":"https:\/\/talsu-auto.lv\/","logo":{"@type":"ImageObject","inLanguage":"en-US","@id":"https:\/\/talsu-auto.lv\/#\/schema\/logo\/image\/","url":"https:\/\/i0.wp.com\/talsu-auto.lv\/wp-content\/uploads\/2017\/05\/original-9319-59098dd40ae7b.jpg?fit=1548%2C813","contentUrl":"https:\/\/i0.wp.com\/talsu-auto.lv\/wp-content\/uploads\/2017\/05\/original-9319-59098dd40ae7b.jpg?fit=1548%2C813","width":1548,"height":813,"caption":"Talsu Auto"},"image":{"@id":"https:\/\/talsu-auto.lv\/#\/schema\/logo\/image\/"},"sameAs":["https:\/\/www.facebook.com\/talsuauto"]}]}},"jetpack_sharing_enabled":true,"jetpack_shortlink":"https:\/\/wp.me\/P8CbU9-2z","jetpack-related-posts":[],"_links":{"self":[{"href":"http:\/\/talsu-auto.lv\/index.php\/wp-json\/wp\/v2\/pages\/159","targetHints":{"allow":["GET"]}}],"collection":[{"href":"http:\/\/talsu-auto.lv\/index.php\/wp-json\/wp\/v2\/pages"}],"about":[{"href":"http:\/\/talsu-auto.lv\/index.php\/wp-json\/wp\/v2\/types\/page"}],"author":[{"embeddable":true,"href":"http:\/\/talsu-auto.lv\/index.php\/wp-json\/wp\/v2\/users\/1"}],"replies":[{"embeddable":true,"href":"http:\/\/talsu-auto.lv\/index.php\/wp-json\/wp\/v2\/comments?post=159"}],"version-history":[{"count":8,"href":"http:\/\/talsu-auto.lv\/index.php\/wp-json\/wp\/v2\/pages\/159\/revisions"}],"predecessor-version":[{"id":301,"href":"http:\/\/talsu-auto.lv\/index.php\/wp-json\/wp\/v2\/pages\/159\/revisions\/301"}],"wp:attachment":[{"href":"http:\/\/talsu-auto.lv\/index.php\/wp-json\/wp\/v2\/media?parent=159"}],"curies":[{"name":"wp","href":"https:\/\/api.w.org\/{rel}","templated":true}]}}