{"id":160,"date":"2017-03-02T13:37:00","date_gmt":"2017-03-02T13:37:00","guid":{"rendered":"http:\/\/talsu-auto.lv\/?page_id=160"},"modified":"2017-07-17T06:10:53","modified_gmt":"2017-07-17T06:10:53","slug":"kontakti","status":"publish","type":"page","link":"http:\/\/talsu-auto.lv\/index.php\/kontakti\/","title":{"rendered":"K\u0101 m\u016bs atrast?"},"content":{"rendered":"<p>M\u0113s atrodamies Talsos, R\u016bpniec\u012bbas iel\u0101 3,<\/p>\n<p>Pirms dodies ciemos, dro\u0161\u012bbas p\u0113c, veic \u012bsu zvanu mums, lai m\u0113s zin\u0101m, ka Tu tuvojies!<\/p>\n<p>Tel.: <a href=\"tel:\/\/+371 28604303\">+371 28604303<\/a><\/p>\n<p>Darba laiks<br \/>\nPirmdiena\u2014Piektdiena: 9:00\u201317:00<br \/>\nSestdiena &amp; Sv\u0113tdiena: Atp\u016b\u0161amies<\/p>\n<p><a href=\"waze:\/\/?ll=57.245647,22.569954&amp;navigate=yes\">Spied \u0161eit, lai brauktu ar\u00a0Waze<\/a><\/p>\n<div class=\"wpgmza-store-locator wpgmza_sl_main_div\" data-id=\"1\">\r\n\t<div class=\"wpgmza-address-container wpgmza-form-field wpgmza_sl_query_div wpgmza-clearfix\">\r\n\t\t<label class=\"wpgmza-address wpgmza-form-field__label wpgmza-form-field__label--float\" data-name=\"addressLabel\" for=\"addressInput\">ZIP \/ Address:<\/label>\r\n\t\t<input class=\"wpgmza-address\" type=\"text\" placeholder=\"Enter a location\" autocomplete=\"off\" data-name=\"defaultAddress\" value=\"\" id=\"addressInput\" size=\"20\" aria-label=\"ZIP \/ Address:\">\r\n\t<\/div>\r\n\t\r\n\t<div class=\"wpgmza-radius-container wpgmza-form-field wpgmza_sl_radius_div wpgmza-clearfix\">\r\n\t\t<label class=\"wpgmza-radius wpgmza-form-field__label wpgmza-form-field__label--float\" for=\"radiusSelect\">\r\n\t\t\tRadius:\t\t<\/label>\r\n\t\t<select class=\"wpgmza-radius wpgmza-form-field__input wpgmza_sl_radius_select\" id=\"radiusSelect\" aria-label=\"Radius:\"><option class=\"wpgmza-radius wpgmza_sl_select_option\" value=\"1\">1mi<\/option><option class=\"wpgmza-radius wpgmza_sl_select_option\" value=\"5\">5mi<\/option><option class=\"wpgmza-radius wpgmza_sl_select_option\" value=\"10\" selected>10mi<\/option><option class=\"wpgmza-radius wpgmza_sl_select_option\" value=\"25\">25mi<\/option><option class=\"wpgmza-radius wpgmza_sl_select_option\" value=\"50\">50mi<\/option><option class=\"wpgmza-radius wpgmza_sl_select_option\" value=\"75\">75mi<\/option><option class=\"wpgmza-radius wpgmza_sl_select_option\" value=\"100\">100mi<\/option><option class=\"wpgmza-radius wpgmza_sl_select_option\" value=\"150\">150mi<\/option><option class=\"wpgmza-radius wpgmza_sl_select_option\" value=\"200\">200mi<\/option><option class=\"wpgmza-radius wpgmza_sl_select_option\" value=\"300\">300mi<\/option><\/select>\r\n\t<\/div>\r\n\t\r\n\t<input class=\"wpgmza-search wpgmza_sl_search_button wpgmza_sl_search_button_1\" value=\"Search\" type=\"button\" onclick=\"searchLocations(1)\">\r\n\t\r\n\t<div class=\"wpgmza-no-results wpgmza-not-found-msg js-not-found-msg\" style=\"display: none;\">\r\n\t\t<p data-name=\"notFoundMessage\">No results found in this location. Please try again.<\/p>\r\n\t<\/div>\r\n<\/div><div id=\"wpgmza_map\" class=\"wpgmza_map\" data-settings='{\"id\":\"1\",\"map_title\":\"Talsu Auto\",\"map_width\":\"100\",\"map_height\":\"400\",\"map_start_lat\":\"57.245648\",\"map_start_lng\":\"22.569893\",\"map_start_location\":\"57.245647615191324,22.569893170148134\",\"map_start_zoom\":\"17\",\"default_marker\":\"0\",\"type\":\"3\",\"alignment\":\"1\",\"directions_enabled\":\"1\",\"styling_enabled\":\"0\",\"styling_json\":\"\",\"active\":\"0\",\"kml\":\"\",\"bicycle\":\"0\",\"traffic\":\"0\",\"dbox\":\"1\",\"dbox_width\":\"100\",\"listmarkers\":\"0\",\"listmarkers_advanced\":\"0\",\"filterbycat\":\"0\",\"ugm_enabled\":\"0\",\"ugm_category_enabled\":\"0\",\"fusion\":\"\",\"map_width_type\":\"%\",\"map_height_type\":\"px\",\"mass_marker_support\":\"1\",\"ugm_access\":\"0\",\"order_markers_by\":\"0\",\"order_markers_choice\":\"0\",\"show_user_location\":\"0\",\"default_to\":\"\",\"other_settings\":{\"store_locator_enabled\":true,\"store_locator_distance\":true,\"store_locator_bounce\":1,\"store_locator_query_string\":\"\",\"store_locator_default_address\":\"\",\"wpgmza_store_locator_restrict\":\"\",\"map_max_zoom\":\"1\",\"transport_layer\":false,\"wpgmza_theme_data\":\"\",\"action\":\"wpgmza_save_map\",\"redirect_to\":\"\\\/wp-admin\\\/admin-post.php\",\"map_id\":\"1\",\"http_referer\":\"\\\/wp-admin\\\/admin.php?page=wp-google-maps-menu&amp;amp;action=edit&amp;amp;map_id=1\",\"wpgmza_id\":\"1\",\"wpgmza_start_location\":\"57.245648,22.569893\",\"wpgmza_start_zoom\":\"17\",\"store_locator_search_area\":\"radial\",\"wpgmza_store_locator_radius_style\":\"legacy\",\"wpgmza_store_locator_default_radius\":\"10\",\"store_locator_auto_area_max_zoom\":\"\",\"wpgmza_store_locator_position\":false,\"store_locator_show_distance\":false,\"store_locator_category\":false,\"wpgmza_store_locator_use_their_location\":false,\"wpgmza_store_locator_bounce\":false,\"wpgmza_sl_animation\":null,\"wpgmza_store_locator_hide_before_search\":false,\"store_locator_location_placeholder\":\"\",\"store_locator_name_search\":false,\"store_locator_name_string\":\"\",\"store_locator_not_found_message\":\"\",\"sl_stroke_color\":\"\",\"sl_stroke_opacity\":\"\",\"sl_fill_color\":\"\",\"sl_fill_opacity\":\"\",\"wpgmza_map_align\":\"1\",\"jump_to_nearest_marker_on_initialization\":false,\"automatically_pan_to_users_location\":false,\"override_users_location_zoom_level\":false,\"override_users_location_zoom_levels\":\"\",\"show_distance_from_location\":false,\"map_min_zoom\":\"0\",\"click_open_link\":false,\"fit_maps_bounds_to_markers\":false,\"fit_maps_bounds_to_markers_after_filtering\":false,\"hide_point_of_interest\":false,\"wpgmza_zoom_on_marker_click\":false,\"wpgmza_zoom_on_marker_click_slider\":\"\",\"close_infowindow_on_map_click\":false,\"disable_lightbox_images\":false,\"use_Raw_Jpeg_Coordinates\":false,\"polygon_labels\":false,\"disable_polygon_info_windows\":false,\"enable_marker_ratings\":false,\"only_load_markers_within_viewport\":false,\"zoom_level_mobile_override_enabled\":false,\"zoom_level_mobile_override\":\"\",\"iw_primary_color\":\"#000000\",\"iw_accent_color\":\"#000000\",\"iw_text_color\":\"#000000\",\"wpgmza_listmarkers_by\":\"0\",\"wpgmza_marker_listing_position\":false,\"wpgmza_push_in_map\":false,\"wpgmza_push_in_map_placement\":null,\"wpgmza_push_in_map_width\":\"\",\"wpgmza_push_in_map_height\":\"\",\"zoom_level_on_marker_listing_override\":false,\"zoom_level_on_marker_listing_click\":\"\",\"marker_listing_disable_zoom\":false,\"datatable_no_result_message\":\"\",\"remove_search_box_datables\":false,\"dataTable_pagination_style\":null,\"datatable_search_string\":\"\",\"datatable_result_start\":\"\",\"datatable_result_of\":\"\",\"datatable_result_to\":\"\",\"datatable_result_total\":\"\",\"datatable_result_show\":\"\",\"datatable_result_entries\":\"\",\"wpgmza_savemap\":\"Save Map \\u00bb\"}}' data-map-id='1' Data-maps-engine='google-maps' data-shortcode-attributes='{\"id\":\"1\"}' style=\"display:block; overflow:auto; width:100%; height:400px; float:left;\"><\/div>\n<p>&nbsp;<\/p>\n","protected":false},"excerpt":{"rendered":"<p>M\u0113s atrodamies Talsos, R\u016bpniec\u012bbas iel\u0101 3, Pirms dodies ciemos, dro\u0161\u012bbas p\u0113c, veic \u012bsu zvanu mums, lai m\u0113s zin\u0101m, ka Tu tuvojies! Tel.: +371 28604303 Darba laiks Pirmdiena\u2014Piektdiena: 9:00\u201317:00 Sestdiena &amp; Sv\u0113tdiena: Atp\u016b\u0161amies Spied \u0161eit, lai brauktu ar\u00a0Waze &nbsp;<\/p>\n","protected":false},"author":1,"featured_media":0,"parent":0,"menu_order":0,"comment_status":"closed","ping_status":"closed","template":"","meta":{"_exactmetrics_skip_tracking":false,"_exactmetrics_sitenote_active":false,"_exactmetrics_sitenote_note":"","_exactmetrics_sitenote_category":0,"jetpack_post_was_ever_published":false,"footnotes":""},"class_list":["post-160","page","type-page","status-publish","hentry","clearfix"],"yoast_head":"<!-- This site is optimized with the Yoast SEO plugin v27.4 - https:\/\/yoast.com\/product\/yoast-seo-wordpress\/ -->\n<title>K\u0101 m\u016bs atrast? - Talsu Auto<\/title>\n<meta name=\"robots\" content=\"index, follow, max-snippet:-1, max-image-preview:large, max-video-preview:-1\" \/>\n<link rel=\"canonical\" href=\"http:\/\/talsu-auto.lv\/index.php\/kontakti\/\" \/>\n<meta property=\"og:locale\" content=\"en_US\" \/>\n<meta property=\"og:type\" content=\"article\" \/>\n<meta property=\"og:title\" content=\"K\u0101 m\u016bs atrast? - Talsu Auto\" \/>\n<meta property=\"og:description\" content=\"M\u0113s atrodamies Talsos, R\u016bpniec\u012bbas iel\u0101 3, Pirms dodies ciemos, dro\u0161\u012bbas p\u0113c, veic \u012bsu zvanu mums, lai m\u0113s zin\u0101m, ka Tu tuvojies! Tel.: +371 28604303 Darba laiks Pirmdiena\u2014Piektdiena: 9:00\u201317:00 Sestdiena &amp; Sv\u0113tdiena: Atp\u016b\u0161amies Spied \u0161eit, lai brauktu ar\u00a0Waze &nbsp;\" \/>\n<meta property=\"og:url\" content=\"http:\/\/talsu-auto.lv\/index.php\/kontakti\/\" \/>\n<meta property=\"og:site_name\" content=\"Talsu Auto\" \/>\n<meta property=\"article:publisher\" content=\"https:\/\/www.facebook.com\/talsuauto\" \/>\n<meta property=\"article:modified_time\" content=\"2017-07-17T06:10:53+00:00\" \/>\n<meta name=\"twitter:card\" content=\"summary_large_image\" \/>\n<script type=\"application\/ld+json\" class=\"yoast-schema-graph\">{\"@context\":\"https:\\\/\\\/schema.org\",\"@graph\":[{\"@type\":\"WebPage\",\"@id\":\"http:\\\/\\\/talsu-auto.lv\\\/index.php\\\/kontakti\\\/\",\"url\":\"http:\\\/\\\/talsu-auto.lv\\\/index.php\\\/kontakti\\\/\",\"name\":\"K\u0101 m\u016bs atrast? - Talsu Auto\",\"isPartOf\":{\"@id\":\"https:\\\/\\\/talsu-auto.lv\\\/#website\"},\"datePublished\":\"2017-03-02T13:37:00+00:00\",\"dateModified\":\"2017-07-17T06:10:53+00:00\",\"breadcrumb\":{\"@id\":\"http:\\\/\\\/talsu-auto.lv\\\/index.php\\\/kontakti\\\/#breadcrumb\"},\"inLanguage\":\"en-US\",\"potentialAction\":[{\"@type\":\"ReadAction\",\"target\":[\"http:\\\/\\\/talsu-auto.lv\\\/index.php\\\/kontakti\\\/\"]}]},{\"@type\":\"BreadcrumbList\",\"@id\":\"http:\\\/\\\/talsu-auto.lv\\\/index.php\\\/kontakti\\\/#breadcrumb\",\"itemListElement\":[{\"@type\":\"ListItem\",\"position\":1,\"name\":\"Home\",\"item\":\"https:\\\/\\\/talsu-auto.lv\\\/\"},{\"@type\":\"ListItem\",\"position\":2,\"name\":\"K\u0101 m\u016bs atrast?\"}]},{\"@type\":\"WebSite\",\"@id\":\"https:\\\/\\\/talsu-auto.lv\\\/#website\",\"url\":\"https:\\\/\\\/talsu-auto.lv\\\/\",\"name\":\"Talsu Auto\",\"description\":\"Tavs jaunais autoserviss Talsos\",\"publisher\":{\"@id\":\"https:\\\/\\\/talsu-auto.lv\\\/#organization\"},\"potentialAction\":[{\"@type\":\"SearchAction\",\"target\":{\"@type\":\"EntryPoint\",\"urlTemplate\":\"https:\\\/\\\/talsu-auto.lv\\\/?s={search_term_string}\"},\"query-input\":{\"@type\":\"PropertyValueSpecification\",\"valueRequired\":true,\"valueName\":\"search_term_string\"}}],\"inLanguage\":\"en-US\"},{\"@type\":\"Organization\",\"@id\":\"https:\\\/\\\/talsu-auto.lv\\\/#organization\",\"name\":\"Talsu Auto\",\"url\":\"https:\\\/\\\/talsu-auto.lv\\\/\",\"logo\":{\"@type\":\"ImageObject\",\"inLanguage\":\"en-US\",\"@id\":\"https:\\\/\\\/talsu-auto.lv\\\/#\\\/schema\\\/logo\\\/image\\\/\",\"url\":\"https:\\\/\\\/i0.wp.com\\\/talsu-auto.lv\\\/wp-content\\\/uploads\\\/2017\\\/05\\\/original-9319-59098dd40ae7b.jpg?fit=1548%2C813\",\"contentUrl\":\"https:\\\/\\\/i0.wp.com\\\/talsu-auto.lv\\\/wp-content\\\/uploads\\\/2017\\\/05\\\/original-9319-59098dd40ae7b.jpg?fit=1548%2C813\",\"width\":1548,\"height\":813,\"caption\":\"Talsu Auto\"},\"image\":{\"@id\":\"https:\\\/\\\/talsu-auto.lv\\\/#\\\/schema\\\/logo\\\/image\\\/\"},\"sameAs\":[\"https:\\\/\\\/www.facebook.com\\\/talsuauto\"]}]}<\/script>\n<!-- \/ Yoast SEO plugin. -->","yoast_head_json":{"title":"K\u0101 m\u016bs atrast? - Talsu Auto","robots":{"index":"index","follow":"follow","max-snippet":"max-snippet:-1","max-image-preview":"max-image-preview:large","max-video-preview":"max-video-preview:-1"},"canonical":"http:\/\/talsu-auto.lv\/index.php\/kontakti\/","og_locale":"en_US","og_type":"article","og_title":"K\u0101 m\u016bs atrast? - Talsu Auto","og_description":"M\u0113s atrodamies Talsos, R\u016bpniec\u012bbas iel\u0101 3, Pirms dodies ciemos, dro\u0161\u012bbas p\u0113c, veic \u012bsu zvanu mums, lai m\u0113s zin\u0101m, ka Tu tuvojies! Tel.: +371 28604303 Darba laiks Pirmdiena\u2014Piektdiena: 9:00\u201317:00 Sestdiena &amp; Sv\u0113tdiena: Atp\u016b\u0161amies Spied \u0161eit, lai brauktu ar\u00a0Waze &nbsp;","og_url":"http:\/\/talsu-auto.lv\/index.php\/kontakti\/","og_site_name":"Talsu Auto","article_publisher":"https:\/\/www.facebook.com\/talsuauto","article_modified_time":"2017-07-17T06:10:53+00:00","twitter_card":"summary_large_image","schema":{"@context":"https:\/\/schema.org","@graph":[{"@type":"WebPage","@id":"http:\/\/talsu-auto.lv\/index.php\/kontakti\/","url":"http:\/\/talsu-auto.lv\/index.php\/kontakti\/","name":"K\u0101 m\u016bs atrast? - Talsu Auto","isPartOf":{"@id":"https:\/\/talsu-auto.lv\/#website"},"datePublished":"2017-03-02T13:37:00+00:00","dateModified":"2017-07-17T06:10:53+00:00","breadcrumb":{"@id":"http:\/\/talsu-auto.lv\/index.php\/kontakti\/#breadcrumb"},"inLanguage":"en-US","potentialAction":[{"@type":"ReadAction","target":["http:\/\/talsu-auto.lv\/index.php\/kontakti\/"]}]},{"@type":"BreadcrumbList","@id":"http:\/\/talsu-auto.lv\/index.php\/kontakti\/#breadcrumb","itemListElement":[{"@type":"ListItem","position":1,"name":"Home","item":"https:\/\/talsu-auto.lv\/"},{"@type":"ListItem","position":2,"name":"K\u0101 m\u016bs atrast?"}]},{"@type":"WebSite","@id":"https:\/\/talsu-auto.lv\/#website","url":"https:\/\/talsu-auto.lv\/","name":"Talsu Auto","description":"Tavs jaunais autoserviss Talsos","publisher":{"@id":"https:\/\/talsu-auto.lv\/#organization"},"potentialAction":[{"@type":"SearchAction","target":{"@type":"EntryPoint","urlTemplate":"https:\/\/talsu-auto.lv\/?s={search_term_string}"},"query-input":{"@type":"PropertyValueSpecification","valueRequired":true,"valueName":"search_term_string"}}],"inLanguage":"en-US"},{"@type":"Organization","@id":"https:\/\/talsu-auto.lv\/#organization","name":"Talsu Auto","url":"https:\/\/talsu-auto.lv\/","logo":{"@type":"ImageObject","inLanguage":"en-US","@id":"https:\/\/talsu-auto.lv\/#\/schema\/logo\/image\/","url":"https:\/\/i0.wp.com\/talsu-auto.lv\/wp-content\/uploads\/2017\/05\/original-9319-59098dd40ae7b.jpg?fit=1548%2C813","contentUrl":"https:\/\/i0.wp.com\/talsu-auto.lv\/wp-content\/uploads\/2017\/05\/original-9319-59098dd40ae7b.jpg?fit=1548%2C813","width":1548,"height":813,"caption":"Talsu Auto"},"image":{"@id":"https:\/\/talsu-auto.lv\/#\/schema\/logo\/image\/"},"sameAs":["https:\/\/www.facebook.com\/talsuauto"]}]}},"jetpack_sharing_enabled":true,"jetpack_shortlink":"https:\/\/wp.me\/P8CbU9-2A","jetpack-related-posts":[],"_links":{"self":[{"href":"http:\/\/talsu-auto.lv\/index.php\/wp-json\/wp\/v2\/pages\/160","targetHints":{"allow":["GET"]}}],"collection":[{"href":"http:\/\/talsu-auto.lv\/index.php\/wp-json\/wp\/v2\/pages"}],"about":[{"href":"http:\/\/talsu-auto.lv\/index.php\/wp-json\/wp\/v2\/types\/page"}],"author":[{"embeddable":true,"href":"http:\/\/talsu-auto.lv\/index.php\/wp-json\/wp\/v2\/users\/1"}],"replies":[{"embeddable":true,"href":"http:\/\/talsu-auto.lv\/index.php\/wp-json\/wp\/v2\/comments?post=160"}],"version-history":[{"count":14,"href":"http:\/\/talsu-auto.lv\/index.php\/wp-json\/wp\/v2\/pages\/160\/revisions"}],"predecessor-version":[{"id":267,"href":"http:\/\/talsu-auto.lv\/index.php\/wp-json\/wp\/v2\/pages\/160\/revisions\/267"}],"wp:attachment":[{"href":"http:\/\/talsu-auto.lv\/index.php\/wp-json\/wp\/v2\/media?parent=160"}],"curies":[{"name":"wp","href":"https:\/\/api.w.org\/{rel}","templated":true}]}}