{"id":2,"date":"2017-03-02T12:35:07","date_gmt":"2017-03-02T12:35:07","guid":{"rendered":"http:\/\/talsu-auto.lv\/?page_id=2"},"modified":"2017-09-27T12:18:07","modified_gmt":"2017-09-27T09:18:07","slug":"talsu-auto-servisa-pakalpojumi","status":"publish","type":"page","link":"http:\/\/talsu-auto.lv\/index.php\/talsu-auto-servisa-pakalpojumi\/","title":{"rendered":"Autoservisa pakalpojumi"},"content":{"rendered":"<h3>M\u016bsu autoservisa pakalpojumi ietver: Riepu mont\u0101\u017eu, auto apkopi, diagnostiku, evaku\u0101ciju un auto remontu.<\/h3>\n<h5>Riepu mont\u0101\u017eas pakalpojumi<\/h5>\n<ul>\n<li>Riepu mont\u0101\u017ea<\/li>\n<li>Riepu balans\u0113\u0161ana<\/li>\n<li>Riepu remonts<\/li>\n<\/ul>\n<h5>Apkope:<\/h5>\n<ul>\n<li>Automa\u0161\u012bnas apkope ir \u013coti svar\u012bgs, regul\u0101rs process, kur\u0161 nodro\u0161ina, lai J\u016bsu auto J\u016bs p\u0113k\u0161\u0146i nep\u0101rsteigtu.\u00a0Veicot regul\u0101ras auto apkopes, J\u016bs variet b\u016bt p\u0101rliecin\u0101ts par to, ka ar J\u016bsu auto viss ir k\u0101rt\u012bb\u0101 un par visu esat par\u016bp\u0113ju\u0161ies!<\/li>\n<\/ul>\n<h5>Automa\u0161\u012bnu diagnostika:<\/h5>\n<p>Pied\u0101v\u0101jam J\u016bsu auto veikt da\u017e\u0101das diagnostikas:<\/p>\n<ul>\n<li>rito\u0161\u0101s da\u013cas diagnostiku<\/li>\n<li>dzin\u0113ja diagnostiku<\/li>\n<li>brem\u017eu diagnostiku<\/li>\n<li>diagnostiku pirms auto ieg\u0101des<\/li>\n<\/ul>\n<h5>Auto remonts:<\/h5>\n<p>Protams, ka vienm\u0113r pien\u0101k br\u012bdis, kad auto, tom\u0113r, ir j\u0101remont\u0113. Svar\u012bgi ir tas, ka to dara zino\u0161s auto meh\u0101ni\u0137is, ar lielu pieredzi un darb\u0101 izmanto kvalitat\u012bvas rezerves da\u013cas! M\u0113s sav\u0101 darb\u0101 izmantojam augstas kvalit\u0101tes rezerves da\u013cas un, protams, sniedzam t\u0101m savu garantiju.<\/p>\n<h5>Auto evaku\u0101cija:<\/h5>\n<p>Ja J\u016bsu auto ir nebraucams, tad pied\u0101v\u0101jam savu papildus pakalpojumu &#8211; auto evaku\u0101ciju l\u012bdz Talsu Auto.<\/p>\n","protected":false},"excerpt":{"rendered":"<p>M\u016bsu autoservisa pakalpojumi ietver: Riepu mont\u0101\u017eu, auto apkopi, diagnostiku, evaku\u0101ciju un auto remontu. Riepu mont\u0101\u017eas pakalpojumi Riepu mont\u0101\u017ea Riepu balans\u0113\u0161ana Riepu remonts Apkope: Automa\u0161\u012bnas apkope ir \u013coti svar\u012bgs, regul\u0101rs process, kur\u0161 nodro\u0161ina, lai J\u016bsu auto J\u016bs p\u0113k\u0161\u0146i nep\u0101rsteigtu.\u00a0Veicot regul\u0101ras auto [&hellip;]<\/p>\n","protected":false},"author":1,"featured_media":0,"parent":0,"menu_order":0,"comment_status":"closed","ping_status":"open","template":"","meta":{"_exactmetrics_skip_tracking":false,"_exactmetrics_sitenote_active":false,"_exactmetrics_sitenote_note":"","_exactmetrics_sitenote_category":0,"jetpack_post_was_ever_published":false,"footnotes":""},"class_list":["post-2","page","type-page","status-publish","hentry","clearfix"],"yoast_head":"<!-- This site is optimized with the Yoast SEO plugin v27.4 - https:\/\/yoast.com\/product\/yoast-seo-wordpress\/ -->\n<title>Autoservisa pakalpojumi - Talsu Auto<\/title>\n<meta name=\"description\" content=\"Autoservisa pakalpojumi: Automa\u0161\u012bnu apkope,\u00a0automa\u0161\u012bnu diagnostika, automa\u0161\u012bnu evaku\u0101cija l\u012bdz servisam un automa\u0161\u012bnu remonts. Riepu mont\u0101\u017ea, balans\u0113\u0161ana\" \/>\n<meta name=\"robots\" content=\"index, follow, max-snippet:-1, max-image-preview:large, max-video-preview:-1\" \/>\n<link rel=\"canonical\" href=\"http:\/\/talsu-auto.lv\/index.php\/talsu-auto-servisa-pakalpojumi\/\" \/>\n<meta property=\"og:locale\" content=\"en_US\" \/>\n<meta property=\"og:type\" content=\"article\" \/>\n<meta property=\"og:title\" content=\"Autoservisa pakalpojumi - Talsu Auto\" \/>\n<meta property=\"og:description\" content=\"Autoservisa pakalpojumi: Automa\u0161\u012bnu apkope,\u00a0automa\u0161\u012bnu diagnostika, automa\u0161\u012bnu evaku\u0101cija l\u012bdz servisam un automa\u0161\u012bnu remonts. Riepu mont\u0101\u017ea, balans\u0113\u0161ana\" \/>\n<meta property=\"og:url\" content=\"http:\/\/talsu-auto.lv\/index.php\/talsu-auto-servisa-pakalpojumi\/\" \/>\n<meta property=\"og:site_name\" content=\"Talsu Auto\" \/>\n<meta property=\"article:publisher\" content=\"https:\/\/www.facebook.com\/talsuauto\" \/>\n<meta property=\"article:modified_time\" content=\"2017-09-27T09:18:07+00:00\" \/>\n<meta name=\"twitter:card\" content=\"summary_large_image\" \/>\n<meta name=\"twitter:label1\" content=\"Est. reading time\" \/>\n\t<meta name=\"twitter:data1\" content=\"1 minute\" \/>\n<script type=\"application\/ld+json\" class=\"yoast-schema-graph\">{\"@context\":\"https:\\\/\\\/schema.org\",\"@graph\":[{\"@type\":\"WebPage\",\"@id\":\"http:\\\/\\\/talsu-auto.lv\\\/index.php\\\/talsu-auto-servisa-pakalpojumi\\\/\",\"url\":\"http:\\\/\\\/talsu-auto.lv\\\/index.php\\\/talsu-auto-servisa-pakalpojumi\\\/\",\"name\":\"Autoservisa pakalpojumi - Talsu Auto\",\"isPartOf\":{\"@id\":\"https:\\\/\\\/talsu-auto.lv\\\/#website\"},\"datePublished\":\"2017-03-02T12:35:07+00:00\",\"dateModified\":\"2017-09-27T09:18:07+00:00\",\"description\":\"Autoservisa pakalpojumi: Automa\u0161\u012bnu apkope,\u00a0automa\u0161\u012bnu diagnostika, automa\u0161\u012bnu evaku\u0101cija l\u012bdz servisam un automa\u0161\u012bnu remonts. Riepu mont\u0101\u017ea, balans\u0113\u0161ana\",\"breadcrumb\":{\"@id\":\"http:\\\/\\\/talsu-auto.lv\\\/index.php\\\/talsu-auto-servisa-pakalpojumi\\\/#breadcrumb\"},\"inLanguage\":\"en-US\",\"potentialAction\":[{\"@type\":\"ReadAction\",\"target\":[\"http:\\\/\\\/talsu-auto.lv\\\/index.php\\\/talsu-auto-servisa-pakalpojumi\\\/\"]}]},{\"@type\":\"BreadcrumbList\",\"@id\":\"http:\\\/\\\/talsu-auto.lv\\\/index.php\\\/talsu-auto-servisa-pakalpojumi\\\/#breadcrumb\",\"itemListElement\":[{\"@type\":\"ListItem\",\"position\":1,\"name\":\"Home\",\"item\":\"http:\\\/\\\/talsu-auto.lv\\\/\"},{\"@type\":\"ListItem\",\"position\":2,\"name\":\"Autoservisa pakalpojumi\"}]},{\"@type\":\"WebSite\",\"@id\":\"https:\\\/\\\/talsu-auto.lv\\\/#website\",\"url\":\"https:\\\/\\\/talsu-auto.lv\\\/\",\"name\":\"Talsu Auto\",\"description\":\"Tavs jaunais autoserviss Talsos\",\"publisher\":{\"@id\":\"https:\\\/\\\/talsu-auto.lv\\\/#organization\"},\"potentialAction\":[{\"@type\":\"SearchAction\",\"target\":{\"@type\":\"EntryPoint\",\"urlTemplate\":\"https:\\\/\\\/talsu-auto.lv\\\/?s={search_term_string}\"},\"query-input\":{\"@type\":\"PropertyValueSpecification\",\"valueRequired\":true,\"valueName\":\"search_term_string\"}}],\"inLanguage\":\"en-US\"},{\"@type\":\"Organization\",\"@id\":\"https:\\\/\\\/talsu-auto.lv\\\/#organization\",\"name\":\"Talsu Auto\",\"url\":\"https:\\\/\\\/talsu-auto.lv\\\/\",\"logo\":{\"@type\":\"ImageObject\",\"inLanguage\":\"en-US\",\"@id\":\"https:\\\/\\\/talsu-auto.lv\\\/#\\\/schema\\\/logo\\\/image\\\/\",\"url\":\"https:\\\/\\\/i0.wp.com\\\/talsu-auto.lv\\\/wp-content\\\/uploads\\\/2017\\\/05\\\/original-9319-59098dd40ae7b.jpg?fit=1548%2C813\",\"contentUrl\":\"https:\\\/\\\/i0.wp.com\\\/talsu-auto.lv\\\/wp-content\\\/uploads\\\/2017\\\/05\\\/original-9319-59098dd40ae7b.jpg?fit=1548%2C813\",\"width\":1548,\"height\":813,\"caption\":\"Talsu Auto\"},\"image\":{\"@id\":\"https:\\\/\\\/talsu-auto.lv\\\/#\\\/schema\\\/logo\\\/image\\\/\"},\"sameAs\":[\"https:\\\/\\\/www.facebook.com\\\/talsuauto\"]}]}<\/script>\n<!-- \/ Yoast SEO plugin. -->","yoast_head_json":{"title":"Autoservisa pakalpojumi - Talsu Auto","description":"Autoservisa pakalpojumi: Automa\u0161\u012bnu apkope,\u00a0automa\u0161\u012bnu diagnostika, automa\u0161\u012bnu evaku\u0101cija l\u012bdz servisam un automa\u0161\u012bnu remonts. Riepu mont\u0101\u017ea, balans\u0113\u0161ana","robots":{"index":"index","follow":"follow","max-snippet":"max-snippet:-1","max-image-preview":"max-image-preview:large","max-video-preview":"max-video-preview:-1"},"canonical":"http:\/\/talsu-auto.lv\/index.php\/talsu-auto-servisa-pakalpojumi\/","og_locale":"en_US","og_type":"article","og_title":"Autoservisa pakalpojumi - Talsu Auto","og_description":"Autoservisa pakalpojumi: Automa\u0161\u012bnu apkope,\u00a0automa\u0161\u012bnu diagnostika, automa\u0161\u012bnu evaku\u0101cija l\u012bdz servisam un automa\u0161\u012bnu remonts. Riepu mont\u0101\u017ea, balans\u0113\u0161ana","og_url":"http:\/\/talsu-auto.lv\/index.php\/talsu-auto-servisa-pakalpojumi\/","og_site_name":"Talsu Auto","article_publisher":"https:\/\/www.facebook.com\/talsuauto","article_modified_time":"2017-09-27T09:18:07+00:00","twitter_card":"summary_large_image","twitter_misc":{"Est. reading time":"1 minute"},"schema":{"@context":"https:\/\/schema.org","@graph":[{"@type":"WebPage","@id":"http:\/\/talsu-auto.lv\/index.php\/talsu-auto-servisa-pakalpojumi\/","url":"http:\/\/talsu-auto.lv\/index.php\/talsu-auto-servisa-pakalpojumi\/","name":"Autoservisa pakalpojumi - Talsu Auto","isPartOf":{"@id":"https:\/\/talsu-auto.lv\/#website"},"datePublished":"2017-03-02T12:35:07+00:00","dateModified":"2017-09-27T09:18:07+00:00","description":"Autoservisa pakalpojumi: Automa\u0161\u012bnu apkope,\u00a0automa\u0161\u012bnu diagnostika, automa\u0161\u012bnu evaku\u0101cija l\u012bdz servisam un automa\u0161\u012bnu remonts. Riepu mont\u0101\u017ea, balans\u0113\u0161ana","breadcrumb":{"@id":"http:\/\/talsu-auto.lv\/index.php\/talsu-auto-servisa-pakalpojumi\/#breadcrumb"},"inLanguage":"en-US","potentialAction":[{"@type":"ReadAction","target":["http:\/\/talsu-auto.lv\/index.php\/talsu-auto-servisa-pakalpojumi\/"]}]},{"@type":"BreadcrumbList","@id":"http:\/\/talsu-auto.lv\/index.php\/talsu-auto-servisa-pakalpojumi\/#breadcrumb","itemListElement":[{"@type":"ListItem","position":1,"name":"Home","item":"http:\/\/talsu-auto.lv\/"},{"@type":"ListItem","position":2,"name":"Autoservisa pakalpojumi"}]},{"@type":"WebSite","@id":"https:\/\/talsu-auto.lv\/#website","url":"https:\/\/talsu-auto.lv\/","name":"Talsu Auto","description":"Tavs jaunais autoserviss Talsos","publisher":{"@id":"https:\/\/talsu-auto.lv\/#organization"},"potentialAction":[{"@type":"SearchAction","target":{"@type":"EntryPoint","urlTemplate":"https:\/\/talsu-auto.lv\/?s={search_term_string}"},"query-input":{"@type":"PropertyValueSpecification","valueRequired":true,"valueName":"search_term_string"}}],"inLanguage":"en-US"},{"@type":"Organization","@id":"https:\/\/talsu-auto.lv\/#organization","name":"Talsu Auto","url":"https:\/\/talsu-auto.lv\/","logo":{"@type":"ImageObject","inLanguage":"en-US","@id":"https:\/\/talsu-auto.lv\/#\/schema\/logo\/image\/","url":"https:\/\/i0.wp.com\/talsu-auto.lv\/wp-content\/uploads\/2017\/05\/original-9319-59098dd40ae7b.jpg?fit=1548%2C813","contentUrl":"https:\/\/i0.wp.com\/talsu-auto.lv\/wp-content\/uploads\/2017\/05\/original-9319-59098dd40ae7b.jpg?fit=1548%2C813","width":1548,"height":813,"caption":"Talsu Auto"},"image":{"@id":"https:\/\/talsu-auto.lv\/#\/schema\/logo\/image\/"},"sameAs":["https:\/\/www.facebook.com\/talsuauto"]}]}},"jetpack_sharing_enabled":true,"jetpack_shortlink":"https:\/\/wp.me\/P8CbU9-2","jetpack-related-posts":[],"_links":{"self":[{"href":"http:\/\/talsu-auto.lv\/index.php\/wp-json\/wp\/v2\/pages\/2","targetHints":{"allow":["GET"]}}],"collection":[{"href":"http:\/\/talsu-auto.lv\/index.php\/wp-json\/wp\/v2\/pages"}],"about":[{"href":"http:\/\/talsu-auto.lv\/index.php\/wp-json\/wp\/v2\/types\/page"}],"author":[{"embeddable":true,"href":"http:\/\/talsu-auto.lv\/index.php\/wp-json\/wp\/v2\/users\/1"}],"replies":[{"embeddable":true,"href":"http:\/\/talsu-auto.lv\/index.php\/wp-json\/wp\/v2\/comments?post=2"}],"version-history":[{"count":7,"href":"http:\/\/talsu-auto.lv\/index.php\/wp-json\/wp\/v2\/pages\/2\/revisions"}],"predecessor-version":[{"id":289,"href":"http:\/\/talsu-auto.lv\/index.php\/wp-json\/wp\/v2\/pages\/2\/revisions\/289"}],"wp:attachment":[{"href":"http:\/\/talsu-auto.lv\/index.php\/wp-json\/wp\/v2\/media?parent=2"}],"curies":[{"name":"wp","href":"https:\/\/api.w.org\/{rel}","templated":true}]}}